{"id":198,"date":"2024-02-02T13:43:52","date_gmt":"2024-02-02T12:43:52","guid":{"rendered":"https:\/\/lm-couvreur.fr\/?page_id=198"},"modified":"2024-02-02T18:27:53","modified_gmt":"2024-02-02T17:27:53","slug":"urgence-depannage","status":"publish","type":"page","link":"https:\/\/lm-couvreur.fr\/?page_id=198","title":{"rendered":"Urgence &#038; D\u00e9pannage"},"content":{"rendered":"\t\t<div data-elementor-type=\"wp-page\" data-elementor-id=\"198\" class=\"elementor elementor-198\">\n\t\t\t\t<div class=\"elementor-element elementor-element-37e1738 e-flex e-con-boxed wpr-particle-no wpr-jarallax-no wpr-parallax-no wpr-sticky-section-no e-con e-parent\" data-id=\"37e1738\" data-element_type=\"container\" data-settings=\"{&quot;background_background&quot;:&quot;classic&quot;}\">\n\t\t\t\t\t<div class=\"e-con-inner\">\n\t\t\t\t<div class=\"elementor-element elementor-element-1b59ad5 elementor-widget elementor-widget-text-editor\" data-id=\"1b59ad5\" data-element_type=\"widget\" data-widget_type=\"text-editor.default\">\n\t\t\t\t<div class=\"elementor-widget-container\">\n\t\t\t\t\t\t\t\t\t<p>LM couverture<\/p>\t\t\t\t\t\t\t\t<\/div>\n\t\t\t\t<\/div>\n\t\t\t\t<div class=\"elementor-element elementor-element-d6132c9 elementor-widget elementor-widget-heading\" data-id=\"d6132c9\" data-element_type=\"widget\" data-widget_type=\"heading.default\">\n\t\t\t\t<div class=\"elementor-widget-container\">\n\t\t\t\t\t<h2 class=\"elementor-heading-title elementor-size-default\">Urgence &amp; D\u00e9pannage<br>7j\/7<\/h2>\t\t\t\t<\/div>\n\t\t\t\t<\/div>\n\t\t\t\t<div class=\"elementor-element elementor-element-f17d87b elementor-widget-divider--view-line elementor-widget elementor-widget-divider\" data-id=\"f17d87b\" data-element_type=\"widget\" data-widget_type=\"divider.default\">\n\t\t\t\t<div class=\"elementor-widget-container\">\n\t\t\t\t\t\t\t<div class=\"elementor-divider\">\n\t\t\t<span class=\"elementor-divider-separator\">\n\t\t\t\t\t\t<\/span>\n\t\t<\/div>\n\t\t\t\t\t\t<\/div>\n\t\t\t\t<\/div>\n\t\t\t\t<div class=\"elementor-element elementor-element-0ba3c4f elementor-widget elementor-widget-text-editor\" data-id=\"0ba3c4f\" data-element_type=\"widget\" data-widget_type=\"text-editor.default\">\n\t\t\t\t<div class=\"elementor-widget-container\">\n\t\t\t\t\t\t\t\t\t<p class=\"p1\" style=\"text-align: center;\"><span style=\"color: #ffffff;\"><strong><span class=\"s1\">Si vous constatez une fuite dans votre toiture, contactez l\u2019entreprise LM Couverture, couvreur sp\u00e9cialiste de toiture, nous interviendrons en urgence.<\/span><\/strong><\/span><\/p><p class=\"p1\" style=\"text-align: center;\"><span class=\"s1\" style=\"color: #ffffff;\">Apr\u00e8s un\u00a0<strong>diagnostic<\/strong>\u00a0nos couvreurs pourront vous proposer\u00a0<strong>plusieurs solutions<\/strong>.<\/span><\/p><p class=\"p1\" style=\"text-align: center;\"><span style=\"color: #ff0000;\"><strong><span class=\"s1\">R\u00e9paration\u00a0de tuiles poreuses non fissur\u00e9es :<\/span><\/strong><\/span><\/p><p class=\"p1\" style=\"text-align: center;\"><span class=\"s1\" style=\"color: #000000;\"><span style=\"color: #ffffff;\">Si vos tuiles sont<\/span> <span style=\"color: #ffffff;\">poreuses mais non fissur\u00e9es nos couvreurs pourrons renforcer leur \u00e9tanch\u00e9it\u00e9. L\u2019objectif d\u2019une telle intervention sera de combler la porosit\u00e9 en renfor\u00e7ant le fond de vos tuiles poreuses.<\/span><\/span><\/p><p class=\"p2\" style=\"text-align: center;\"><span style=\"color: #ff0000;\"><strong>Remplacement\u00a0de tuiles :<\/strong><\/span><\/p><p class=\"p1\" style=\"text-align: center;\"><span class=\"s1\" style=\"color: #ffffff;\">Si les infiltrations sont trop importantes nos couvreurs seront alors oblig\u00e9s de remplacer des tuiles.<\/span><\/p><p class=\"p1\" style=\"text-align: center;\"><span class=\"s1\" style=\"color: #ffffff;\">Vous pourrez dans tous les cas compter sur notre expertise et notre disponibilit\u00e9 pour\u00a0<strong>intervenir\u00a0dans les plus brefs d\u00e9lais<\/strong>\u00a0pour vous d\u00e9panner et mettre fin \u00e0 votre sinistre.<\/span><\/p>\t\t\t\t\t\t\t\t<\/div>\n\t\t\t\t<\/div>\n\t\t\t\t<div class=\"elementor-element elementor-element-cdfdcb1 wpr-button-icon-style-inline wpr-button-icon-position-right elementor-widget elementor-widget-wpr-button\" data-id=\"cdfdcb1\" data-element_type=\"widget\" data-widget_type=\"wpr-button.default\">\n\t\t\t\t<div class=\"elementor-widget-container\">\n\t\t\t\t\t\t\n\t\t\t\n\t\t\n\t\t<div class=\"wpr-button-wrap elementor-clearfix\">\n\t\t<div class=\"wpr-button wpr-button-effect wpr-button-isi-left\" data-text=\"\">\n\t\t\t\n\t\t\t<span class=\"wpr-button-content\">\n\t\t\t\t\t\t\t\t\t<span class=\"wpr-button-text\">06 29 59 15 19<\/span>\n\t\t\t\t\t\t\t\t\n\t\t\t\t\t\t\t<\/span>\n\t\t<\/div>\n\n\t\t\t\t<\/div>\n\t\n\t\n\t\t\t\t\t<\/div>\n\t\t\t\t<\/div>\n\t\t\t\t\t<\/div>\n\t\t\t\t<\/div>\n\t\t\t\t<\/div>\n\t\t","protected":false},"excerpt":{"rendered":"<p>LM couverture Urgence &#038; D\u00e9pannage7j\/7 Si vous constatez une fuite dans votre toiture, contactez l\u2019entreprise LM Couverture, couvreur sp\u00e9cialiste de toiture, nous interviendrons en urgence. Apr\u00e8s un\u00a0diagnostic\u00a0nos couvreurs pourront vous proposer\u00a0plusieurs solutions. R\u00e9paration\u00a0de tuiles poreuses non fissur\u00e9es : Si vos tuiles sont poreuses mais non fissur\u00e9es nos couvreurs pourrons renforcer leur \u00e9tanch\u00e9it\u00e9. L\u2019objectif d\u2019une telle intervention sera de combler la porosit\u00e9 en renfor\u00e7ant le fond de vos tuiles poreuses. Remplacement\u00a0de tuiles : Si les infiltrations sont trop importantes nos couvreurs seront alors oblig\u00e9s de remplacer des tuiles. Vous pourrez dans tous les cas compter sur notre expertise et notre disponibilit\u00e9 pour\u00a0intervenir\u00a0dans les plus brefs d\u00e9lais\u00a0pour vous d\u00e9panner et mettre fin \u00e0 votre sinistre. 06 29 59 15 19<\/p>\n","protected":false},"author":1,"featured_media":0,"parent":0,"menu_order":0,"comment_status":"closed","ping_status":"closed","template":"","meta":{"site-sidebar-layout":"no-sidebar","site-content-layout":"","ast-site-content-layout":"full-width-container","site-content-style":"default","site-sidebar-style":"default","ast-global-header-display":"","ast-banner-title-visibility":"","ast-main-header-display":"","ast-hfb-above-header-display":"","ast-hfb-below-header-display":"","ast-hfb-mobile-header-display":"","site-post-title":"disabled","ast-breadcrumbs-content":"","ast-featured-img":"disabled","footer-sml-layout":"","ast-disable-related-posts":"","theme-transparent-header-meta":"","adv-header-id-meta":"","stick-header-meta":"","header-above-stick-meta":"","header-main-stick-meta":"","header-below-stick-meta":"","astra-migrate-meta-layouts":"default","ast-page-background-enabled":"default","ast-page-background-meta":{"desktop":{"background-color":"var(--ast-global-color-4)","background-image":"","background-repeat":"repeat","background-position":"center center","background-size":"auto","background-attachment":"scroll","background-type":"","background-media":"","overlay-type":"","overlay-color":"","overlay-opacity":"","overlay-gradient":""},"tablet":{"background-color":"","background-image":"","background-repeat":"repeat","background-position":"center center","background-size":"auto","background-attachment":"scroll","background-type":"","background-media":"","overlay-type":"","overlay-color":"","overlay-opacity":"","overlay-gradient":""},"mobile":{"background-color":"","background-image":"","background-repeat":"repeat","background-position":"center center","background-size":"auto","background-attachment":"scroll","background-type":"","background-media":"","overlay-type":"","overlay-color":"","overlay-opacity":"","overlay-gradient":""}},"ast-content-background-meta":{"desktop":{"background-color":"var(--ast-global-color-5)","background-image":"","background-repeat":"repeat","background-position":"center center","background-size":"auto","background-attachment":"scroll","background-type":"","background-media":"","overlay-type":"","overlay-color":"","overlay-opacity":"","overlay-gradient":""},"tablet":{"background-color":"var(--ast-global-color-5)","background-image":"","background-repeat":"repeat","background-position":"center center","background-size":"auto","background-attachment":"scroll","background-type":"","background-media":"","overlay-type":"","overlay-color":"","overlay-opacity":"","overlay-gradient":""},"mobile":{"background-color":"var(--ast-global-color-5)","background-image":"","background-repeat":"repeat","background-position":"center center","background-size":"auto","background-attachment":"scroll","background-type":"","background-media":"","overlay-type":"","overlay-color":"","overlay-opacity":"","overlay-gradient":""}},"footnotes":""},"class_list":["post-198","page","type-page","status-publish","hentry"],"aioseo_notices":[],"_links":{"self":[{"href":"https:\/\/lm-couvreur.fr\/index.php?rest_route=\/wp\/v2\/pages\/198","targetHints":{"allow":["GET"]}}],"collection":[{"href":"https:\/\/lm-couvreur.fr\/index.php?rest_route=\/wp\/v2\/pages"}],"about":[{"href":"https:\/\/lm-couvreur.fr\/index.php?rest_route=\/wp\/v2\/types\/page"}],"author":[{"embeddable":true,"href":"https:\/\/lm-couvreur.fr\/index.php?rest_route=\/wp\/v2\/users\/1"}],"replies":[{"embeddable":true,"href":"https:\/\/lm-couvreur.fr\/index.php?rest_route=%2Fwp%2Fv2%2Fcomments&post=198"}],"version-history":[{"count":16,"href":"https:\/\/lm-couvreur.fr\/index.php?rest_route=\/wp\/v2\/pages\/198\/revisions"}],"predecessor-version":[{"id":343,"href":"https:\/\/lm-couvreur.fr\/index.php?rest_route=\/wp\/v2\/pages\/198\/revisions\/343"}],"wp:attachment":[{"href":"https:\/\/lm-couvreur.fr\/index.php?rest_route=%2Fwp%2Fv2%2Fmedia&parent=198"}],"curies":[{"name":"wp","href":"https:\/\/api.w.org\/{rel}","templated":true}]}}